{"id":1030,"date":"2022-06-01T17:13:41","date_gmt":"2022-06-01T20:13:41","guid":{"rendered":"https:\/\/kazamais.com.br\/blog\/?post_type=product&#038;p=1030"},"modified":"2022-06-03T13:48:31","modified_gmt":"2022-06-03T16:48:31","slug":"artsy-cement","status":"publish","type":"product","link":"https:\/\/kazamais.com.br\/blog\/produto\/artsy-cement\/","title":{"rendered":"Artsy Cement"},"content":{"rendered":"<table class=\"specs\">\n<tbody>\n<tr>\n<th>C\u00f3digo<\/th>\n<td>24614E<\/td>\n<\/tr>\n<tr>\n<th>Borda<\/th>\n<td>Retificado<\/td>\n<\/tr>\n<tr>\n<th>Varia\u00e7\u00e3o visual<\/th>\n<td>V2<\/td>\n<\/tr>\n<tr>\n<th>Reprodu\u00e7\u00e3o<\/th>\n<td>Concreto<\/td>\n<\/tr>\n<tr>\n<th>N\u00famero de Faces<\/th>\n<td>20<\/td>\n<\/tr>\n<tr>\n<th>Locais de Uso<\/th>\n<td>LC<\/td>\n<\/tr>\n<tr>\n<th>Fabricante<\/th>\n<td>\u00a0<img loading=\"lazy\" class=\"alignnone size-medium wp-image-1040\" src=\"https:\/\/kazamais.com.br\/blog\/wp-content\/uploads\/2022\/06\/portobello-logo-2-300x54.png\" alt=\"\" width=\"300\" height=\"54\" srcset=\"https:\/\/kazamais.com.br\/blog\/wp-content\/uploads\/2022\/06\/portobello-logo-2-300x54.png 300w, https:\/\/kazamais.com.br\/blog\/wp-content\/uploads\/2022\/06\/portobello-logo-2-600x108.png 600w, https:\/\/kazamais.com.br\/blog\/wp-content\/uploads\/2022\/06\/portobello-logo-2-1024x184.png 1024w, https:\/\/kazamais.com.br\/blog\/wp-content\/uploads\/2022\/06\/portobello-logo-2-768x138.png 768w, https:\/\/kazamais.com.br\/blog\/wp-content\/uploads\/2022\/06\/portobello-logo-2-1536x276.png 1536w, https:\/\/kazamais.com.br\/blog\/wp-content\/uploads\/2022\/06\/portobello-logo-2-2048x369.png 2048w\" sizes=\"(max-width: 300px) 100vw, 300px\" \/><\/td>\n<\/tr>\n<tr>\n<th>Tipologia Comercial<\/th>\n<td>Porcelanato esmaltado<\/td>\n<\/tr>\n<tr>\n<th>Tipo<\/th>\n<td>Materiais<\/td>\n<\/tr>\n<tr>\n<th>Junta Piso<\/th>\n<td>1,50 mm<\/td>\n<\/tr>\n<tr>\n<th>Espessura<\/th>\n<td>10,00 mm<\/td>\n<\/tr>\n<\/tbody>\n<\/table>\n<h2>Embalagem<\/h2>\n<table class=\"specs\">\n<tbody>\n<tr>\n<th>Unidade de Medida<\/th>\n<td>M2<\/td>\n<\/tr>\n<tr>\n<th>m2\/caixa<\/th>\n<td>1.610 m\u00b2<\/td>\n<\/tr>\n<tr>\n<th>Pe\u00e7a\/caixa<\/th>\n<td>2<\/td>\n<\/tr>\n<tr>\n<th>Peso l\u00edquido (Udm)<\/th>\n<td>36.570 kg<\/td>\n<\/tr>\n<tr>\n<th>Peso bruto (Udm)<\/th>\n<td>22.981 kg<\/td>\n<\/tr>\n<tr>\n<th>m2\/pallet (mi)<\/th>\n<td>65,65<\/td>\n<\/tr>\n<tr>\n<th>Caixa\/pallet (mi)<\/th>\n<td>30<\/td>\n<\/tr>\n<tr>\n<th>Pe\u00e7a\/pallet (mi)<\/th>\n<td>60<\/td>\n<\/tr>\n<\/tbody>\n<\/table>\n","protected":false},"excerpt":{"rendered":"<p>O porcelanato acetinado passa uma sensa\u00e7\u00e3o de aconchego, junto \u00e0 textura de concreto, revela um estilo urbano e contempor\u00e2neo.<\/p>\n","protected":false},"featured_media":1052,"template":"","meta":[],"product_cat":[55],"product_tag":[],"_links":{"self":[{"href":"https:\/\/kazamais.com.br\/blog\/wp-json\/wp\/v2\/product\/1030"}],"collection":[{"href":"https:\/\/kazamais.com.br\/blog\/wp-json\/wp\/v2\/product"}],"about":[{"href":"https:\/\/kazamais.com.br\/blog\/wp-json\/wp\/v2\/types\/product"}],"wp:featuredmedia":[{"embeddable":true,"href":"https:\/\/kazamais.com.br\/blog\/wp-json\/wp\/v2\/media\/1052"}],"wp:attachment":[{"href":"https:\/\/kazamais.com.br\/blog\/wp-json\/wp\/v2\/media?parent=1030"}],"wp:term":[{"taxonomy":"product_cat","embeddable":true,"href":"https:\/\/kazamais.com.br\/blog\/wp-json\/wp\/v2\/product_cat?post=1030"},{"taxonomy":"product_tag","embeddable":true,"href":"https:\/\/kazamais.com.br\/blog\/wp-json\/wp\/v2\/product_tag?post=1030"}],"curies":[{"name":"wp","href":"https:\/\/api.w.org\/{rel}","templated":true}]}}