{"id":1290,"date":"2022-06-03T13:53:46","date_gmt":"2022-06-03T16:53:46","guid":{"rendered":"https:\/\/kazamais.com.br\/blog\/?post_type=product&#038;p=1290"},"modified":"2022-06-03T14:20:12","modified_gmt":"2022-06-03T17:20:12","slug":"monterrey-cement","status":"publish","type":"product","link":"https:\/\/kazamais.com.br\/blog\/produto\/monterrey-cement\/","title":{"rendered":"Monterrey Cement"},"content":{"rendered":"<table class=\"specs\">\n<tbody>\n<tr>\n<th>C\u00f3digo<\/th>\n<td>108009<\/td>\n<\/tr>\n<tr>\n<th>Coeficiente de atrito<\/th>\n<td>&gt;=0,4<\/td>\n<\/tr>\n<tr>\n<th>Varia\u00e7\u00e3o visual<\/th>\n<td>V2<\/td>\n<\/tr>\n<tr>\n<th>Reprodu\u00e7\u00e3o<\/th>\n<td>Cimento<\/td>\n<\/tr>\n<tr>\n<th>N\u00famero de Faces<\/th>\n<td>4<\/td>\n<\/tr>\n<tr>\n<th>Locais de Uso<\/th>\n<td>LD<\/td>\n<\/tr>\n<tr>\n<th>Fabricante<\/th>\n<td>\u00a0<img loading=\"lazy\" class=\"alignnone size-medium wp-image-1025\" src=\"https:\/\/kazamais.com.br\/blog\/wp-content\/uploads\/2022\/06\/logo-Vilagres-300x41.png\" alt=\"\" width=\"300\" height=\"41\" srcset=\"https:\/\/kazamais.com.br\/blog\/wp-content\/uploads\/2022\/06\/logo-Vilagres-300x41.png 300w, https:\/\/kazamais.com.br\/blog\/wp-content\/uploads\/2022\/06\/logo-Vilagres-600x81.png 600w, https:\/\/kazamais.com.br\/blog\/wp-content\/uploads\/2022\/06\/logo-Vilagres-1024x139.png 1024w, https:\/\/kazamais.com.br\/blog\/wp-content\/uploads\/2022\/06\/logo-Vilagres-768x104.png 768w, https:\/\/kazamais.com.br\/blog\/wp-content\/uploads\/2022\/06\/logo-Vilagres-1536x208.png 1536w, https:\/\/kazamais.com.br\/blog\/wp-content\/uploads\/2022\/06\/logo-Vilagres.png 1752w\" sizes=\"(max-width: 300px) 100vw, 300px\" \/><\/td>\n<\/tr>\n<tr>\n<th>Tipologia Comercial<\/th>\n<td>Porcelanato esmaltado<\/td>\n<\/tr>\n<tr>\n<th>Acabamento<\/th>\n<td>Natural<\/td>\n<\/tr>\n<tr>\n<th>Junta Piso<\/th>\n<td>2,00 mm<\/td>\n<\/tr>\n<tr>\n<th>Espessura<\/th>\n<td>9,00 mm<\/td>\n<\/tr>\n<\/tbody>\n<\/table>\n<h2>Embalagem<\/h2>\n<table class=\"specs\">\n<tbody>\n<tr>\n<th>Unidade de Medida<\/th>\n<td>M2<\/td>\n<\/tr>\n<tr>\n<th>m2\/caixa<\/th>\n<td>2,33 m\u00b2<\/td>\n<\/tr>\n<tr>\n<th>Pe\u00e7a\/caixa<\/th>\n<td>2<\/td>\n<\/tr>\n<tr>\n<th>Peso\/caixa<\/th>\n<td>49,50 kg<\/td>\n<\/tr>\n<tr>\n<th>Peso\/pallet<\/th>\n<td>2.096,0 kg<\/td>\n<\/tr>\n<tr>\n<th>m2\/pallet<\/th>\n<td>97,86<\/td>\n<\/tr>\n<tr>\n<th>Caixa\/pallet<\/th>\n<td>42<\/td>\n<\/tr>\n<tr>\n<th>Pe\u00e7a\/pallet<\/th>\n<td>84<\/td>\n<\/tr>\n<\/tbody>\n<\/table>\n","protected":false},"excerpt":{"rendered":"<p>Uma homenagem \u00e0 metr\u00f3pole mexicana de Monterrey, a linha \u00e9 composta por tr\u00eas tonalidades e dois formatos de um cimento queimado com textura natural.<\/p>\n","protected":false},"featured_media":1291,"template":"","meta":[],"product_cat":[56],"product_tag":[],"_links":{"self":[{"href":"https:\/\/kazamais.com.br\/blog\/wp-json\/wp\/v2\/product\/1290"}],"collection":[{"href":"https:\/\/kazamais.com.br\/blog\/wp-json\/wp\/v2\/product"}],"about":[{"href":"https:\/\/kazamais.com.br\/blog\/wp-json\/wp\/v2\/types\/product"}],"wp:featuredmedia":[{"embeddable":true,"href":"https:\/\/kazamais.com.br\/blog\/wp-json\/wp\/v2\/media\/1291"}],"wp:attachment":[{"href":"https:\/\/kazamais.com.br\/blog\/wp-json\/wp\/v2\/media?parent=1290"}],"wp:term":[{"taxonomy":"product_cat","embeddable":true,"href":"https:\/\/kazamais.com.br\/blog\/wp-json\/wp\/v2\/product_cat?post=1290"},{"taxonomy":"product_tag","embeddable":true,"href":"https:\/\/kazamais.com.br\/blog\/wp-json\/wp\/v2\/product_tag?post=1290"}],"curies":[{"name":"wp","href":"https:\/\/api.w.org\/{rel}","templated":true}]}}