{"id":1293,"date":"2022-06-03T14:05:52","date_gmt":"2022-06-03T17:05:52","guid":{"rendered":"https:\/\/kazamais.com.br\/blog\/?post_type=product&#038;p=1293"},"modified":"2022-06-03T14:11:42","modified_gmt":"2022-06-03T17:11:42","slug":"savoy","status":"publish","type":"product","link":"https:\/\/kazamais.com.br\/blog\/produto\/savoy\/","title":{"rendered":"Savoy"},"content":{"rendered":"<table class=\"specs\">\n<tbody>\n<tr>\n<th>C\u00f3digo<\/th>\n<td>820011<\/td>\n<\/tr>\n<tr>\n<th>Coeficiente de atrito<\/th>\n<td>&lt;0,4<\/td>\n<\/tr>\n<tr>\n<th>Varia\u00e7\u00e3o visual<\/th>\n<td>V2<\/td>\n<\/tr>\n<tr>\n<th>Reprodu\u00e7\u00e3o<\/th>\n<td>M\u00e1rmore<\/td>\n<\/tr>\n<tr>\n<th>N\u00famero de Faces<\/th>\n<td>8<\/td>\n<\/tr>\n<tr>\n<th>Locais de Uso<\/th>\n<td>LD<\/td>\n<\/tr>\n<tr>\n<th>Fabricante<\/th>\n<td>\u00a0<img loading=\"lazy\" class=\"alignnone size-medium wp-image-1025\" src=\"https:\/\/kazamais.com.br\/blog\/wp-content\/uploads\/2022\/06\/logo-Vilagres-300x41.png\" alt=\"\" width=\"300\" height=\"41\" srcset=\"https:\/\/kazamais.com.br\/blog\/wp-content\/uploads\/2022\/06\/logo-Vilagres-300x41.png 300w, https:\/\/kazamais.com.br\/blog\/wp-content\/uploads\/2022\/06\/logo-Vilagres-600x81.png 600w, https:\/\/kazamais.com.br\/blog\/wp-content\/uploads\/2022\/06\/logo-Vilagres-1024x139.png 1024w, https:\/\/kazamais.com.br\/blog\/wp-content\/uploads\/2022\/06\/logo-Vilagres-768x104.png 768w, https:\/\/kazamais.com.br\/blog\/wp-content\/uploads\/2022\/06\/logo-Vilagres-1536x208.png 1536w, https:\/\/kazamais.com.br\/blog\/wp-content\/uploads\/2022\/06\/logo-Vilagres.png 1752w\" sizes=\"(max-width: 300px) 100vw, 300px\" \/><\/td>\n<\/tr>\n<tr>\n<th>Tipologia Comercial<\/th>\n<td>Porcelanato esmaltado<\/td>\n<\/tr>\n<tr>\n<th>Acabamento<\/th>\n<td>Acetinado<\/td>\n<\/tr>\n<tr>\n<th>Junta Piso<\/th>\n<td>2,00 mm<\/td>\n<\/tr>\n<tr>\n<th>Espessura<\/th>\n<td>9,00 mm<\/td>\n<\/tr>\n<\/tbody>\n<\/table>\n<h2>Embalagem<\/h2>\n<table class=\"specs\">\n<tbody>\n<tr>\n<th>Unidade de Medida<\/th>\n<td>M2<\/td>\n<\/tr>\n<tr>\n<th>m2\/caixa<\/th>\n<td>2,32 m\u00b2<\/td>\n<\/tr>\n<tr>\n<th>Pe\u00e7a\/caixa<\/th>\n<td>2<\/td>\n<\/tr>\n<tr>\n<th>Peso\/caixa<\/th>\n<td>49,00 kg<\/td>\n<\/tr>\n<tr>\n<th>Peso\/pallet<\/th>\n<td>1.327,0 kg<\/td>\n<\/tr>\n<tr>\n<th>m2\/pallet<\/th>\n<td>64,96<\/td>\n<\/tr>\n<tr>\n<th>Caixa\/pallet<\/th>\n<td>28<\/td>\n<\/tr>\n<tr>\n<th>Pe\u00e7a\/pallet<\/th>\n<td>56<\/td>\n<\/tr>\n<\/tbody>\n<\/table>\n","protected":false},"excerpt":{"rendered":"<p>Um sofisticado m\u00e1rmore prata polido com veios brancos bem definidos representa toda a eleg\u00e2ncia do Palacio de Savoy, s\u00edmbolo da nobreza Londrina.<\/p>\n","protected":false},"featured_media":1294,"template":"","meta":[],"product_cat":[55],"product_tag":[],"_links":{"self":[{"href":"https:\/\/kazamais.com.br\/blog\/wp-json\/wp\/v2\/product\/1293"}],"collection":[{"href":"https:\/\/kazamais.com.br\/blog\/wp-json\/wp\/v2\/product"}],"about":[{"href":"https:\/\/kazamais.com.br\/blog\/wp-json\/wp\/v2\/types\/product"}],"wp:featuredmedia":[{"embeddable":true,"href":"https:\/\/kazamais.com.br\/blog\/wp-json\/wp\/v2\/media\/1294"}],"wp:attachment":[{"href":"https:\/\/kazamais.com.br\/blog\/wp-json\/wp\/v2\/media?parent=1293"}],"wp:term":[{"taxonomy":"product_cat","embeddable":true,"href":"https:\/\/kazamais.com.br\/blog\/wp-json\/wp\/v2\/product_cat?post=1293"},{"taxonomy":"product_tag","embeddable":true,"href":"https:\/\/kazamais.com.br\/blog\/wp-json\/wp\/v2\/product_tag?post=1293"}],"curies":[{"name":"wp","href":"https:\/\/api.w.org\/{rel}","templated":true}]}}